{"id":35,"date":"2021-10-20T11:06:27","date_gmt":"2021-10-20T11:06:27","guid":{"rendered":"http:\/\/www.pro-compsolucions.com\/?page_id=35"},"modified":"2022-02-14T10:41:51","modified_gmt":"2022-02-14T10:41:51","slug":"inicio","status":"publish","type":"page","link":"https:\/\/www.pro-compsolucions.com\/","title":{"rendered":"\u00c0rees de treball"},"content":{"rendered":"\n<p><\/p>\n\n\n\n<ul class=\"wp-block-list\"><li>Assessorament financer, acompanyament al creixement.<\/li><li>Assessorament log\u00edstic.<\/li><li>Serveis de disseny industrial i packaging.<\/li><li>Serveis d&#8217;enginyeria.<\/li><li>Assessorament en Pol\u00edtica de Qualitat i certificacions.<\/li><li>Assessorament en Prevenci\u00f3 de Riscos Laborals.<\/li><\/ul>\n","protected":false},"excerpt":{"rendered":"<p>Assessorament financer, acompanyament al creixement. Assessorament log\u00edstic. Serveis de disseny industrial i packaging. Serveis d&#8217;enginyeria. Assessorament en Pol\u00edtica de Qualitat i certificacions. Assessorament en Prevenci\u00f3 de Riscos Laborals.<\/p>\n","protected":false},"author":1,"featured_media":89,"parent":0,"menu_order":0,"comment_status":"closed","ping_status":"closed","template":"","meta":{"footnotes":""},"class_list":["post-35","page","type-page","status-publish","has-post-thumbnail","hentry"],"_links":{"self":[{"href":"https:\/\/www.pro-compsolucions.com\/index.php\/wp-json\/wp\/v2\/pages\/35","targetHints":{"allow":["GET"]}}],"collection":[{"href":"https:\/\/www.pro-compsolucions.com\/index.php\/wp-json\/wp\/v2\/pages"}],"about":[{"href":"https:\/\/www.pro-compsolucions.com\/index.php\/wp-json\/wp\/v2\/types\/page"}],"author":[{"embeddable":true,"href":"https:\/\/www.pro-compsolucions.com\/index.php\/wp-json\/wp\/v2\/users\/1"}],"replies":[{"embeddable":true,"href":"https:\/\/www.pro-compsolucions.com\/index.php\/wp-json\/wp\/v2\/comments?post=35"}],"version-history":[{"count":5,"href":"https:\/\/www.pro-compsolucions.com\/index.php\/wp-json\/wp\/v2\/pages\/35\/revisions"}],"predecessor-version":[{"id":110,"href":"https:\/\/www.pro-compsolucions.com\/index.php\/wp-json\/wp\/v2\/pages\/35\/revisions\/110"}],"wp:featuredmedia":[{"embeddable":true,"href":"https:\/\/www.pro-compsolucions.com\/index.php\/wp-json\/wp\/v2\/media\/89"}],"wp:attachment":[{"href":"https:\/\/www.pro-compsolucions.com\/index.php\/wp-json\/wp\/v2\/media?parent=35"}],"curies":[{"name":"wp","href":"https:\/\/api.w.org\/{rel}","templated":true}]}}